{"id":697,"date":"2014-09-05T20:04:25","date_gmt":"2014-09-05T20:04:25","guid":{"rendered":"http:\/\/natercia.de\/?page_id=697"},"modified":"2015-09-17T13:26:13","modified_gmt":"2015-09-17T13:26:13","slug":"sim","status":"publish","type":"page","link":"https:\/\/natercia.de\/pt\/sim\/","title":{"rendered":"sim eu sei"},"content":{"rendered":"<h5 class=\"text-left\" style=\"text-align: center;\"><a class=\"http:\/\/natercia.de\/de\/ja-ich-weis\/\" href=\"http:\/\/natercia.de\/de\/ja-ich-weis\/\"><img loading=\"lazy\" decoding=\"async\" class=\"alignright wp-image-1507\" src=\"http:\/\/natercia.de\/pt\/wp-content\/uploads\/2015\/09\/de.gif\" alt=\"Deutsch\" width=\"38\" height=\"27\" data-id=\"1507\" \/><\/a><\/h5>\n<h5 class=\"text-left\" style=\"text-align: center;\"><a href=\"http:\/\/natercia.de\/pt\/wp-content\/uploads\/2015\/09\/CIMG7040.jpg\"><img loading=\"lazy\" decoding=\"async\" class=\"alignleft wp-image-1528\" src=\"http:\/\/natercia.de\/pt\/wp-content\/uploads\/2015\/09\/CIMG7040-150x150.jpg\" alt=\"CIMG7040\" width=\"252\" height=\"252\" data-id=\"1528\" \/><\/a><\/h5>\n<h5 class=\"text-left\" style=\"text-align: center;\"><\/h5>\n<h5 class=\"text-left\" style=\"text-align: center;\"><\/h5>\n<p>&nbsp;<\/p>\n<h5 class=\"text-left\" style=\"text-align: left;\"><span style=\"text-decoration: underline; font-size: 8pt;\"><span style=\"font-family: terminal,monaco; font-style: normal; text-transform: capitalize; font-weight: normal; font-variant: normal; text-decoration: blink; background-color: #15e9e9; background-repeat: no-repeat; background-attachment: fixed; background-position: left; border-color: #fd0129; list-style-position: inside;\">\u00a0\u00a0\u00a0\u00a0\u00a0\u00a0\u00a0 sim&#8230;..<\/span><\/span><\/h5>\n<p>Se soub\u00e9ssemos que somos assim,<\/p>\n<p>nunca dir\u00edamos que o nosso Ser seria assim.<\/p>\n<p>S\u00f3mente somos assim!!!!!!!!<\/p>\n<p>Sabemos que \u00e9!<\/p>\n<p>Sabemos que somos assim!<\/p>\n<p>E sabemos sempre que tudo se encontra em mim&#8230;.<\/p>\n<p>Durante tanto que doeu e eu senti que era assim!!!??<\/p>\n<p>&nbsp;<\/p>\n<p>o sol que brilha no que sei que sei, que sei, que sei, que sei, que sei&#8230;.<\/p>\n<p><a href=\"http:\/\/natercia.de\/pt\/wp-content\/uploads\/2015\/08\/ja-150x1501.png\"><img loading=\"lazy\" decoding=\"async\" class=\"alignleft size-full wp-image-1366\" src=\"http:\/\/natercia.de\/pt\/wp-content\/uploads\/2015\/08\/ja-150x1501.png\" alt=\"ja-150x150\" width=\"150\" height=\"150\" data-id=\"1366\" srcset=\"https:\/\/natercia.de\/pt\/wp-content\/uploads\/2015\/08\/ja-150x1501.png 150w, https:\/\/natercia.de\/pt\/wp-content\/uploads\/2015\/08\/ja-150x1501-100x100.png 100w\" sizes=\"auto, (max-width: 150px) 100vw, 150px\" \/><\/a><\/p>\n<p>o sol que brilha no espelho do que eu sei, que sei, que sei, que sei&#8230;&#8230;&#8230;&#8230;<\/p>\n<p>&nbsp;<\/p>\n<p>&nbsp;<\/p>\n<p>&nbsp;<\/p>\n<p>&nbsp;<\/p>\n<p>&nbsp;<\/p>\n<p>&nbsp;<\/p>\n<p>&nbsp;<\/p>\n<p>&nbsp;<\/p>\n<p>&nbsp;<\/p>\n<p>&nbsp;<\/p>\n<p>&nbsp;<\/p>\n<p style=\"text-align: center;\">\n","protected":false},"excerpt":{"rendered":"<p>&nbsp; \u00a0\u00a0\u00a0\u00a0\u00a0\u00a0\u00a0 sim&#8230;.. Se soub\u00e9ssemos que somos assim, nunca dir\u00edamos que o nosso Ser seria assim. S\u00f3mente somos assim!!!!!!!! Sabemos que \u00e9! Sabemos que somos assim! E sabemos sempre que tudo se encontra em mim&#8230;. Durante tanto que doeu e eu senti que era assim!!!?? &nbsp; o sol que brilha no que &hellip; <a class=\"kt-excerpt-readmore\" href=\"https:\/\/natercia.de\/pt\/sim\/\" aria-label=\"sim eu sei\">ler mais<\/a><\/p>\n","protected":false},"author":1,"featured_media":0,"parent":0,"menu_order":0,"comment_status":"open","ping_status":"closed","template":"","meta":{"footnotes":""},"class_list":["post-697","page","type-page","status-publish","hentry"],"_links":{"self":[{"href":"https:\/\/natercia.de\/pt\/wp-json\/wp\/v2\/pages\/697","targetHints":{"allow":["GET"]}}],"collection":[{"href":"https:\/\/natercia.de\/pt\/wp-json\/wp\/v2\/pages"}],"about":[{"href":"https:\/\/natercia.de\/pt\/wp-json\/wp\/v2\/types\/page"}],"author":[{"embeddable":true,"href":"https:\/\/natercia.de\/pt\/wp-json\/wp\/v2\/users\/1"}],"replies":[{"embeddable":true,"href":"https:\/\/natercia.de\/pt\/wp-json\/wp\/v2\/comments?post=697"}],"version-history":[{"count":35,"href":"https:\/\/natercia.de\/pt\/wp-json\/wp\/v2\/pages\/697\/revisions"}],"predecessor-version":[{"id":1621,"href":"https:\/\/natercia.de\/pt\/wp-json\/wp\/v2\/pages\/697\/revisions\/1621"}],"wp:attachment":[{"href":"https:\/\/natercia.de\/pt\/wp-json\/wp\/v2\/media?parent=697"}],"curies":[{"name":"wp","href":"https:\/\/api.w.org\/{rel}","templated":true}]}}