{"id":36,"date":"2014-02-28T17:59:37","date_gmt":"2014-02-28T17:59:37","guid":{"rendered":"http:\/\/natercia.de\/?page_id=36"},"modified":"2017-05-17T21:44:34","modified_gmt":"2017-05-17T20:44:34","slug":"somos-assim-amo","status":"publish","type":"page","link":"https:\/\/natercia.de\/pt\/somos-assim-amo\/","title":{"rendered":"Somos assim"},"content":{"rendered":"<p class=\"wp-caption-dt\" style=\"text-align: center;\"><span style=\"color: #333300; font-size: large; font-family: impact,chicago;\">Somos assim e como nunca sabemos como somos, ficamos s\u00f3 assim!!!<\/span><\/p>\n<p class=\"wp-caption-dt\" style=\"text-align: center;\"><span style=\"font-size: large; font-family: impact,chicago; color: #333300;\">No meu nome est\u00e1 s\u00f3 o que eu quero ser,<\/span><\/p>\n<p class=\"wp-caption-dt\" style=\"text-align: center;\"><span style=\"font-size: large; font-family: impact,chicago; color: #333300;\">e de tudo o que eu sei que sou,<\/span><\/p>\n<p class=\"wp-caption-dt\" style=\"text-align: center;\"><span style=\"font-size: large; font-family: impact,chicago; color: #333300;\">fica s\u00f3mente aquilo que eu amo e sei que sei ser!!!<\/span><\/p>\n<h4 class=\"dl-horizontal\" style=\"text-align: center;\"><strong><em><span style=\"font-family: courier new,courier; font-size: xx-large; color: #000080;\">Amo<\/span><\/em><\/strong><\/h4>\n<p>&nbsp;<\/p>\n<div class='dropshadowboxes-container dropshadowboxes-center ' style='width:100%;'>\r\n                            <div class='dropshadowboxes-drop-shadow dropshadowboxes-rounded-corners dropshadowboxes-inside-and-outside-shadow dropshadowboxes-lifted-both dropshadowboxes-effect-default' style='width:500px; border: 2px solid #2be543; height:45px; background-color:#cab094;    '>\r\n                            <span style=\"font-size: 14pt; color: #003366; font-family: verdana,geneva,sans-serif;\"><strong>para continuar a ler, carregar mais a baixo <\/strong><\/span>\r\n                            <\/div>\r\n                        <\/div>\n<h4>\u00a0\u00a0\u00a0\u00a0\u00a0\u00a0\u00a0\u00a0\u00a0\u00a0\u00a0\u00a0\u00a0\u00a0\u00a0\u00a0\u00a0\u00a0\u00a0\u00a0\u00a0\u00a0\u00a0\u00a0\u00a0\u00a0\u00a0\u00a0\u00a0\u00a0\u00a0\u00a0\u00a0\u00a0\u00a0\u00a0\u00a0\u00a0\u00a0\u00a0\u00a0\u00a0\u00a0\u00a0\u00a0\u00a0\u00a0\u00a0\u00a0\u00a0\u00a0\u00a0\u00a0\u00a0\u00a0\u00a0\u00a0\u00a0 \u00a0 \u00a0 \u00a0 \u00a0 \u00a0 \u00a0 \u00a0 \u00a0 \u00a0 \u00a0 \u00a0\u00a0 \t\t\t<i class=\"icon-arrow-bottom \" style=\"font-size:24px; display:inline-block; color:#ed001b; float:none;\t\t\t\"><\/i>\n\t\t\t\t<\/h4>\n\n<div class=\"panel-group\" id=\"accordionname86\"><div class=\"panel panel-default panel-even\"><div class=\"panel-heading\"><a class=\"accordion-toggle collapsed\" data-toggle=\"collapse\" data-parent=\"#accordionname86\" href=\"#collapse860\"><h5><i class=\"icon-minus primary-color\"><\/i><i class=\"icon-plus\"><\/i> Amo   <\/h5><\/a><\/div><div id=\"collapse860\" class=\"panel-collapse collapse \"><div class=\"panel-body postclass\">\n<p>&nbsp;<\/p>\n<p><em><strong><span style=\"font-family: andale mono,times;\">\u00a0Somos assim<\/span>\u00a0<\/strong><\/em><\/p>\n<h1>\u00a0Abro o meu Akasha e leio<\/h1>\n<p>\u201e\u00a0 eu sou eu \u201e<\/p>\n<p style=\"text-align: justify;\">&#8211; e quando eu continuo a minha leitura afirmo sempre e s\u00f3:<\/p>\n<p style=\"text-align: justify;\">!! &#8211; eu sou eu &#8211; !!<\/p>\n<p style=\"text-align: justify;\">Durante tantos anos\u00a0 eu s\u00f3 oi\u00e7o a frase que diz:<\/p>\n<p style=\"text-align: justify;\">!! &#8211; eu sou o que sei que sou &#8211; !!<\/p>\n<p style=\"text-align: justify;\">At\u00e9 que hoje abro o meu Akasha e leio outro nome:<\/p>\n<p style=\"text-align: justify;\">!! &#8211; eu sou o que sei e sei o que quero ser &#8211; !!<\/p>\n<p style=\"text-align: justify;\">Impregnante e desilus\u00e3o, do que afinal sei que sou!<\/p>\n<p style=\"text-align: justify;\">Entretanto os pedidos ativam o que sei que sou!<\/p>\n<p style=\"text-align: justify;\">Tenho imenso prazer em ser o que sei que sou!<\/p>\n<p style=\"text-align: justify;\">No entanto o que eu sei, \u00e9 que ainda n\u00e3o sou o que quero ser!<\/p>\n<p style=\"text-align: justify;\">Aquilo que realmente se chama assim:<\/p>\n<p style=\"text-align: justify;\">! &#8211; eu sou &#8211; ! !<\/p>\n<p style=\"text-align: justify;\">E eu sou !<\/p>\n<p style=\"text-align: justify;\">O que entretanto sou!<\/p>\n<p style=\"text-align: justify;\">Quando no meu Akasha eu leio o que quero ser, digo ent\u00e3o que aquilo que eu sei ser; &#8211; \u00e9 aquilo que realmente exijo de mim.<\/p>\n<p style=\"text-align: justify;\">E quando eu sei o que exijo de mim:<\/p>\n<p style=\"text-align: justify;\">!! desisto do que quero ser!!<\/p>\n<p style=\"text-align: justify;\">Suporto e exploro; tudo o que sei, o que quero e at\u00e9\u00a0 o que sei posso ser e nunca sei que j\u00e1 sou !<\/p>\n<p style=\"text-align: justify;\">Aguento tudo, tor\u00e7o tudo, suporto tudo, at\u00e9 a mania do que quero ser.<\/p>\n<p style=\"text-align: justify;\">Afinal n\u00e3o consigo perceber, ou ser\u00e1 que sei e n\u00e3o suporto dizer-to???<\/p>\n<p style=\"text-align: justify;\">Afinal \u00e9 aqui que a lei do Ser em mim\u00a0\u00a0 &#8222;manda ent\u00e3o\u201c\u00a0 no que eu quero dizer-te.<\/p>\n<p style=\"text-align: justify;\">Que eu sei, o que sei que sei ser?<\/p>\n<p style=\"text-align: justify;\">Ou que nunca devo dizer-te, que n\u00e3o ocupo o que devo ser?<\/p>\n<p style=\"text-align: justify;\">Pois bem eu digo-te:<\/p>\n<p style=\"text-align: justify;\">! Eu sou Luz, vivo aqui, sou viva, tenho m\u00e3e, pai, fam\u00edlia e filhos.<\/p>\n<p style=\"text-align: justify;\">Sou gente, tenho direitos e tenho uma coisa ainda;<\/p>\n<p style=\"text-align: justify;\">a consci\u00eancia do que a vida \u00e9.<\/p>\n<p style=\"text-align: justify;\">Sei ler, escrever e sei que aquilo que eu sou; &#8211; \u00e9 o nome da vida que eu conclu\u00ed.<\/p>\n<p style=\"text-align: justify;\">Tenho muitos apelidos, uns bons, outros maus, tenho uma vida dif\u00edcil de entender;<\/p>\n<p style=\"text-align: justify;\">&#8211; mas sei, que sei o que fa\u00e7o, sei o que quero e sei o que a vida me deu.<\/p>\n<p style=\"text-align: justify;\">Deus \u00e9 o meu Ser naquilo que me deu a vida.<\/p>\n<p style=\"text-align: justify;\">Na Dualidade do que eu sei ser.<\/p>\n<h3 style=\"text-align: justify;\">Om Nahama Shivaya<\/h3>\n<p style=\"text-align: justify;\"><\/div><\/div><\/div>\n<div class=\"panel panel-default panel-odd\"><div class=\"panel-heading\"><a class=\"accordion-toggle collapsed\" data-toggle=\"collapse\" data-parent=\"#accordionname86\" href=\"#collapse861\"><h5><i class=\"icon-minus primary-color\"><\/i><i class=\"icon-plus\"><\/i>depois<\/h5><\/a><\/div><div id=\"collapse861\" class=\"panel-collapse collapse \"><div class=\"panel-body postclass\">\n<p style=\"text-align: justify;\">\n <a href=\"https:\/\/natercia.de\/pt\/wp-content\/uploads\/2015\/09\/CIMG7040.jpg\"><img loading=\"lazy\" decoding=\"async\" class=\"alignleft wp-image-1528\" src=\"https:\/\/natercia.de\/pt\/wp-content\/uploads\/2015\/09\/CIMG7040-150x150.jpg\" alt=\"CIMG7040\" width=\"93\" height=\"93\" data-id=\"1528\" \/><\/a><\/p>\n<p style=\"text-align: justify;\">\u00a0<\/p>\n<h3 style=\"text-align: justify;\">OM<\/h3>\n<p style=\"text-align: justify;\">\u00a0<\/p>\n<p style=\"text-align: justify;\">\u00a0<\/p>\n<p style=\"text-align: justify;\"><\/div><\/div><\/div>\n<div class=\"panel panel-default panel-even\"><div class=\"panel-heading\"><a class=\"accordion-toggle collapsed\" data-toggle=\"collapse\" data-parent=\"#accordionname86\" href=\"#collapse862\"><h5><i class=\"icon-minus primary-color\"><\/i><i class=\"icon-plus\"><\/i>agora<\/h5><\/a><\/div><div id=\"collapse862\" class=\"panel-collapse collapse \"><div class=\"panel-body postclass\">\n<p style=\"text-align: justify;\">\u00a0<\/p>\n<p style=\"text-align: justify;\"><img loading=\"lazy\" decoding=\"async\" class=\"alignleft  wp-image-2004\" src=\"https:\/\/natercia.de\/pt\/wp-content\/uploads\/2017\/05\/17571853_1686428334716957_1451264252_o-3-150x150.jpg\" alt=\"\" width=\"107\" height=\"107\" data-id=\"2004\" srcset=\"https:\/\/natercia.de\/pt\/wp-content\/uploads\/2017\/05\/17571853_1686428334716957_1451264252_o-3-150x150.jpg 150w, https:\/\/natercia.de\/pt\/wp-content\/uploads\/2017\/05\/17571853_1686428334716957_1451264252_o-3-250x250.jpg 250w, https:\/\/natercia.de\/pt\/wp-content\/uploads\/2017\/05\/17571853_1686428334716957_1451264252_o-3-350x350.jpg 350w\" sizes=\"auto, (max-width: 107px) 100vw, 107px\" \/><\/p>\n<p style=\"text-align: justify;\">\u00a0<\/p>\n<p style=\"text-align: justify;\">\u00a0<\/p>\n<h3 style=\"text-align: justify;\">om nahama Shivaya<\/h3>\n<p style=\"text-align: justify;\">\u00a0<\/p>\n<p style=\"text-align: justify;\">\n <\/div><\/div><\/div><\/div>\n\n<p style=\"text-align: justify;\">\u00a0<\/p>\n<p style=\"text-align: justify;\">\u00a0<\/p>\n<p style=\"text-align: justify;\"><a href=\"https:\/\/natercia.de\/de\/wir-sind-liebe\/\"><img loading=\"lazy\" decoding=\"async\" class=\"alignright wp-image-1507\" src=\"https:\/\/natercia.de\/pt\/wp-content\/uploads\/2015\/09\/de.gif\" alt=\"Deutsch\" width=\"38\" height=\"26\" data-id=\"1507\" \/><\/a><\/p>\n<p>&nbsp;<\/p>\n<p>&nbsp;<\/p>\n<p>&nbsp;<\/p>\n","protected":false},"excerpt":{"rendered":"<p>Somos assim e como nunca sabemos como somos, ficamos s\u00f3 assim!!! No meu nome est\u00e1 s\u00f3 o que eu quero ser, e de tudo o que eu sei que sou, fica s\u00f3mente aquilo que eu amo e sei que sei ser!!! Amo &nbsp; \u00a0\u00a0\u00a0\u00a0\u00a0\u00a0\u00a0\u00a0\u00a0\u00a0\u00a0\u00a0\u00a0\u00a0\u00a0\u00a0\u00a0\u00a0\u00a0\u00a0\u00a0\u00a0\u00a0\u00a0\u00a0\u00a0\u00a0\u00a0\u00a0\u00a0\u00a0\u00a0\u00a0\u00a0\u00a0\u00a0\u00a0\u00a0\u00a0\u00a0\u00a0\u00a0\u00a0\u00a0\u00a0\u00a0\u00a0\u00a0\u00a0\u00a0\u00a0\u00a0\u00a0\u00a0\u00a0\u00a0\u00a0\u00a0 \u00a0 \u00a0 \u00a0 \u00a0 \u00a0 \u00a0 \u00a0 \u00a0 &hellip; <a class=\"kt-excerpt-readmore\" href=\"https:\/\/natercia.de\/pt\/somos-assim-amo\/\" aria-label=\"Somos assim\">ler mais<\/a><\/p>\n","protected":false},"author":1,"featured_media":1604,"parent":0,"menu_order":1,"comment_status":"open","ping_status":"closed","template":"","meta":{"footnotes":""},"class_list":["post-36","page","type-page","status-publish","has-post-thumbnail","hentry"],"_links":{"self":[{"href":"https:\/\/natercia.de\/pt\/wp-json\/wp\/v2\/pages\/36","targetHints":{"allow":["GET"]}}],"collection":[{"href":"https:\/\/natercia.de\/pt\/wp-json\/wp\/v2\/pages"}],"about":[{"href":"https:\/\/natercia.de\/pt\/wp-json\/wp\/v2\/types\/page"}],"author":[{"embeddable":true,"href":"https:\/\/natercia.de\/pt\/wp-json\/wp\/v2\/users\/1"}],"replies":[{"embeddable":true,"href":"https:\/\/natercia.de\/pt\/wp-json\/wp\/v2\/comments?post=36"}],"version-history":[{"count":48,"href":"https:\/\/natercia.de\/pt\/wp-json\/wp\/v2\/pages\/36\/revisions"}],"predecessor-version":[{"id":2022,"href":"https:\/\/natercia.de\/pt\/wp-json\/wp\/v2\/pages\/36\/revisions\/2022"}],"wp:featuredmedia":[{"embeddable":true,"href":"https:\/\/natercia.de\/pt\/wp-json\/wp\/v2\/media\/1604"}],"wp:attachment":[{"href":"https:\/\/natercia.de\/pt\/wp-json\/wp\/v2\/media?parent=36"}],"curies":[{"name":"wp","href":"https:\/\/api.w.org\/{rel}","templated":true}]}}