{"id":298,"date":"2014-04-21T17:42:03","date_gmt":"2014-04-21T17:42:03","guid":{"rendered":"http:\/\/natercia.de\/?page_id=298"},"modified":"2024-03-01T18:47:08","modified_gmt":"2024-03-01T18:47:08","slug":"contacto","status":"publish","type":"page","link":"https:\/\/natercia.de\/pt\/contacto\/","title":{"rendered":"Contacto"},"content":{"rendered":"<h2>\u00a0<a href=\"https:\/\/natercia.de\/de\/kontakt\/\"><img loading=\"lazy\" decoding=\"async\" class=\"alignright wp-image-1507\" src=\"https:\/\/natercia.de\/pt\/wp-content\/uploads\/2015\/09\/de.gif\" alt=\"Deutsch\" width=\"40\" height=\"28\" data-id=\"1507\" \/><\/a><\/h2>\n<h1>Chamo-me Yonis!!! \u00a0 <a href=\"\" id=\"kadbtn56\" target=\"_self\" class=\"kad-btn btn-shortcode kad-btn-primary  \" style=\"background-color:#CDCDCD; border: 0 solid; border-color:#000;  color:#000;\" onMouseOver=\"\" onMouseOut=\"\">o meu nome espiritual <\/a><\/h1>\n<h2 class=\"aligncenter\" style=\"text-align: left;\"><span style=\"font-family: arial,helvetica,sans-serif; font-size: large;\"> !!! O nome diz o que somos !!!<\/span><\/h2>\n<p>\u00c9 o t\u00edtulo, que eu sou, como Ser em luz neste Universo.<\/p>\n<p>Para al\u00e9m do que sou em luz, existe s\u00f3 em mim aquilo que sei que tenho,<\/p>\n<p>aquilo que domino e conhe\u00e7o, de tudo o que aprendo e leio no meu Akasha.<\/p>\n<p>Seremos muitos os convidados que querem ser s\u00f3 o que eu sei que sou.<\/p>\n<p>Sejam Bem-vindos e obrigado<\/p>\n<a href=\"\" id=\"kadbtn57\" target=\"_self\" class=\"kad-btn btn-shortcode kad-btn-primary  \" style=\" border: 0 solid; border-color:#000;  color:#F2F2F2;\" onMouseOver=\"\" onMouseOut=\"\">Agakar <\/a>\n<p>Nat\u00e9rcia de Lima<\/p>\n<p><a href=\"https:\/\/natercia.de\/pt\">https:\/\/natercia.de\/pt<\/a><\/p>\n<p><a href=\"https:\/\/natercia.de\/de\/\">https:\/\/natercia.de\/de\/<\/a><\/p>\n<p><script>\/\/ < ![CDATA[\n\/\/ < ![CDATA[\n\/\/ < ![CDATA[\n\/\/ < ![CDATA[\n\/\/ < ![CDATA[\n\/\/ < ![CDATA[\n\/\/ < ![CDATA[\n\/\/ < ![CDATA[\n\/\/ < ![CDATA[\n\/\/ < ![CDATA[ \/\/ ]]><\/script><\/p>\n","protected":false},"excerpt":{"rendered":"<p>\u00a0 Chamo-me Yonis!!! \u00a0 !!! O nome diz o que somos !!! \u00c9 o t\u00edtulo, que eu sou, como Ser em luz neste Universo. Para al\u00e9m do que sou em luz, existe s\u00f3 em mim aquilo que sei que tenho, aquilo que domino e conhe\u00e7o, de tudo o que aprendo e leio &hellip; <a class=\"kt-excerpt-readmore\" href=\"https:\/\/natercia.de\/pt\/contacto\/\" aria-label=\"Contacto\">ler mais<\/a><\/p>\n","protected":false},"author":1,"featured_media":0,"parent":0,"menu_order":0,"comment_status":"closed","ping_status":"closed","template":"page-contact.php","meta":{"footnotes":""},"class_list":["post-298","page","type-page","status-publish","hentry"],"_links":{"self":[{"href":"https:\/\/natercia.de\/pt\/wp-json\/wp\/v2\/pages\/298","targetHints":{"allow":["GET"]}}],"collection":[{"href":"https:\/\/natercia.de\/pt\/wp-json\/wp\/v2\/pages"}],"about":[{"href":"https:\/\/natercia.de\/pt\/wp-json\/wp\/v2\/types\/page"}],"author":[{"embeddable":true,"href":"https:\/\/natercia.de\/pt\/wp-json\/wp\/v2\/users\/1"}],"replies":[{"embeddable":true,"href":"https:\/\/natercia.de\/pt\/wp-json\/wp\/v2\/comments?post=298"}],"version-history":[{"count":40,"href":"https:\/\/natercia.de\/pt\/wp-json\/wp\/v2\/pages\/298\/revisions"}],"predecessor-version":[{"id":2170,"href":"https:\/\/natercia.de\/pt\/wp-json\/wp\/v2\/pages\/298\/revisions\/2170"}],"wp:attachment":[{"href":"https:\/\/natercia.de\/pt\/wp-json\/wp\/v2\/media?parent=298"}],"curies":[{"name":"wp","href":"https:\/\/api.w.org\/{rel}","templated":true}]}}