{"id":1750,"date":"2015-11-02T15:42:54","date_gmt":"2015-11-02T15:42:54","guid":{"rendered":"http:\/\/natercia.de\/pt\/?page_id=1750"},"modified":"2018-01-18T17:18:21","modified_gmt":"2018-01-18T17:18:21","slug":"sobre-mim","status":"publish","type":"page","link":"https:\/\/natercia.de\/pt\/sobre-mim\/","title":{"rendered":"sobre mim"},"content":{"rendered":"<h5 style=\"text-align: center;\"><a href=\"http:\/\/natercia.de\/de\/ueber-mich\/\" target=\"_blank\" rel=\"noopener\"><img loading=\"lazy\" decoding=\"async\" class=\" wp-image-1507 alignright\" src=\"http:\/\/natercia.de\/pt\/wp-content\/uploads\/2015\/09\/de.gif\" alt=\"Deutsch\" width=\"44\" height=\"30\" data-id=\"1507\" \/><\/a><\/h5>\n<p style=\"text-align: center;\"><span style=\"font-family: 'book antiqua', palatino, serif;\"><strong>EU<\/strong><\/span><\/p>\n<p style=\"text-align: center;\"><span style=\"font-family: 'book antiqua', palatino, serif;\"><strong>Os quadros s\u00e3o pe\u00e7as \u00fanicas, pintadas em transe.<\/strong><\/span><\/p>\n<p style=\"text-align: center;\"><span style=\"font-family: 'book antiqua', palatino, serif;\"><strong>As afinidades que possam haver, representam s\u00f3 o estado das pessoas na sua ilus\u00e3o.<\/strong><\/span><\/p>\n<p style=\"text-align: center;\"><span style=\"font-family: 'book antiqua', palatino, serif;\"><strong>Eu pinto a \u00f3leo, ou tintas especificas como; sint\u00e9tico (Acryl), ou l\u00e1pis de carv\u00e3o, ou cor.<\/strong><\/span><\/p>\n<p style=\"text-align: center;\"><span style=\"font-family: 'book antiqua', palatino, serif;\"><strong>Dependentemente do tema que abrange a posse ps\u00edquica, do poder mental, da purifica\u00e7\u00e3o<\/strong><\/span><\/p>\n<p style=\"text-align: center;\"><span style=\"font-family: 'book antiqua', palatino, serif;\"><strong>do que se espera encontrar no estado mental memorizado no c\u00e9rebro, atrav\u00e9s de traumas,<\/strong><\/span><\/p>\n<p style=\"text-align: center;\"><span style=\"font-family: 'book antiqua', palatino, serif;\"><strong>ou bloqueios de fantasias predispostas; como afastamento do seu Ser Pr\u00f3prio.<\/strong><\/span><\/p>\n<p style=\"text-align: center;\"><span style=\"font-family: 'book antiqua', palatino, serif;\"><strong>Tudo na vida \u00e9 pr\u00f3prio do Ser quando em evolu\u00e7\u00e3o.<\/strong><\/span><\/p>\n<p style=\"text-align: center;\"><span style=\"font-family: 'book antiqua', palatino, serif;\"><strong>N\u00e3o importa se \u00e9 desenvolvimento ps\u00edquico, metal, formal ou f\u00edsico.<\/strong><\/span><\/p>\n<p style=\"text-align: center;\"><span style=\"font-family: 'book antiqua', palatino, serif;\"><strong>Quando eu pinto sinto o som dos temas que se formam na vida di\u00e1ria de cada um.<\/strong><\/span><\/p>\n<p style=\"text-align: center;\"><span style=\"font-family: 'book antiqua', palatino, serif;\"><strong>A recusa do que se \u00e9, assume um tema primordial na vida de todo o Ser que vive em dualidade<\/strong><\/span><\/p>\n<p style=\"text-align: center;\"><span style=\"font-family: 'book antiqua', palatino, serif;\"><strong>na crosta terrestre.<\/strong><\/span><\/p>\n<p style=\"text-align: center;\"><span style=\"font-family: 'book antiqua', palatino, serif;\"><strong>Durante muitos anos vivi a ps\u00edquiatria e chorei exactamente os temas aqui especificados<\/strong><\/span><\/p>\n<p style=\"text-align: center;\"><span style=\"font-family: 'book antiqua', palatino, serif;\"><strong>como \u201d s\u00f3 meus\u201d, no entanto o trabalho \u00e9 edificado no meu Ser como mulher livre.<\/strong><\/span><\/p>\n<p style=\"text-align: center;\"><span style=\"font-family: 'book antiqua', palatino, serif;\"><strong>Aprendo a viver aquilo que sinto e nunca aquilo que toda a gente entende como ser devido.<\/strong><\/span><\/p>\n<p style=\"text-align: center;\">\u00a0<\/p>\n<p>&nbsp;<\/p>\n<h2 style=\"text-align: center;\"><div class='dropshadowboxes-container dropshadowboxes-left ' style='width:auto;'>\r\n                            <div class='dropshadowboxes-drop-shadow dropshadowboxes-rounded-corners dropshadowboxes-inside-and-outside-shadow dropshadowboxes-perspective-left dropshadowboxes-effect-default' style=' border: 1px solid #bafcfb; height:; background-color:#c79696;    '>\r\n                            o acordar em mim\r\n                            <\/div>\r\n                        <\/div><\/h2>\n<p>&nbsp;<\/p>\n<p>&nbsp;<\/p>\n<p>&nbsp;<\/p>\n<p style=\"text-align: center;\"><span style=\"font-size: 10pt;\">Amo o que fa\u00e7o <\/span><\/p>\n<p style=\"text-align: center;\"><span style=\"font-size: 10pt;\">adoro o que amo<\/span><\/p>\n<p style=\"text-align: center;\"><span style=\"font-size: 10pt;\">acordo no que sei ser<\/span><\/p>\n<p style=\"text-align: center;\"><span style=\"font-size: 10pt;\">acordo os querem saber amar como eu<\/span><\/p>\n<p style=\"text-align: center;\"><span style=\"font-size: 10pt;\">vivo no meu Akasha<\/span><\/p>\n<p style=\"text-align: center;\"><span style=\"font-size: 10pt;\">leio o que escrevo<\/span><\/p>\n<p style=\"text-align: center;\"><span style=\"font-size: 10pt;\">recebo o que me d\u00e3o<\/span><\/p>\n<p style=\"text-align: center;\"><span style=\"font-size: 10pt;\">trabalho no que aprendo<\/span><\/p>\n<p style=\"text-align: center;\"><span style=\"font-size: 10pt;\">e quero ser sempre\u00a0 s\u00f3 assim, at\u00e9 que Jesus me diga que eu sou amor em mim!<\/span><\/p>\n<p style=\"text-align: center;\"><span style=\"font-size: 10pt;\">Yonis <\/span><\/p>\n<p style=\"text-align: center;\"><div class='dropshadowboxes-container ' style='width:auto;'>\r\n                            <div class='dropshadowboxes-drop-shadow dropshadowboxes-rounded-corners dropshadowboxes-inside-and-outside-shadow dropshadowboxes-lifted-both dropshadowboxes-effect-default' style=' border: 1px solid #4ef28f; height:; background-color:#faf51d;    '>\r\n                            \n<p style=\"text-align: center;\"><span style=\"color: #333399;\">Eu sou Yonis<\/span><\/p>\n<p style=\"text-align: center;\"><span style=\"color: #333399;\">Eu tenho uma coisa que os outros n\u00e3o t\u00eam.<\/span><\/p>\n<p style=\"text-align: center;\"><span style=\"color: #333399;\">Eu sei ensinar a quem tiver interesse, como \u00e9 possivel confrontarmo-nos com problemas, sem que se d\u00ea por isso. <\/span><\/p>\n<p style=\"text-align: center;\"><span style=\"color: #333399;\">De tal maneira, que todos pensam que quem tem os problemas sou eu.<\/span><\/p>\n<p style=\"text-align: center;\"><span style=\"color: #333399;\">Eu posso visualiz\u00e1-los, para os poder resolver e tamb\u00e9m os posso ainda pintar.<\/span><\/p>\n<p style=\"text-align: center;\"><span style=\"color: #333399;\">Atrav\u00e9z da pintura, entro em contacto com uma chamada c\u00f3pia mental.<\/span><\/p>\n<p style=\"text-align: center;\"><span style=\"color: #333399;\">Problemas s\u00e3o s\u00f3 um defeito de um padr\u00e3o do pensamento.<\/span><\/p>\n<p style=\"text-align: center;\"><span style=\"color: #333399;\">A solu\u00e7\u00e3o seria que todos o pudessem ver numa pintura, como se fosse uma ilus\u00e3o. Imaginar que nunca \u00e9 assim. <\/span><\/p>\n<p style=\"text-align: center;\"><span style=\"color: #333399;\">Em seguida mais ainda, ligar-se simplesmente ao quadro e fazer de contas que seria eu por exemplo, <\/span><\/p>\n<p style=\"text-align: center;\"><span style=\"color: #333399;\">quem se portaria assim!?<\/span><\/p>\n<p style=\"text-align: center;\"><span style=\"color: #333399;\">Ainda \u00e9 possivel, na medida em que eu ao pintar, tu v\u00eas e entretanto tomas aten\u00e7\u00e3o \u00e0s reac\u00e7\u00f5es que te acordam. <\/span><\/p>\n<p style=\"text-align: center;\"><span style=\"color: #333399;\">Como se sente a fantasia da pintura&#8230;.<\/span><\/p>\n<p style=\"text-align: center;\"><span style=\"color: #333399;\">Uma hist\u00f3ria fant\u00e1stica!<\/span><\/p>\n<p style=\"text-align: center;\"><span style=\"color: #333399;\">Tamb\u00e9m seria poss\u00edvel simplesmente deixar ficar assim e tentar s\u00f3 sentir, ou ver a luz que surge durante o trabalho.<\/span><\/p>\n<p style=\"text-align: center;\"><span style=\"color: #333399;\">Aqui s\u00f3 d\u00e1 quando j\u00e1 se consegue perceber e distinguir; o que \u00e9, o que se sente, cheira, ouve, pensa etc.<\/span><\/p>\n<p style=\"text-align: center;\"><span style=\"color: #333399;\">O melhor seria ter tudo num programa ao mesmo tempo; ao ler, ao ditar, ao escrever, ouvir e pensar!?<\/span><\/p>\n<p style=\"text-align: center;\"><span style=\"color: #333399;\">Imposs\u00edvel \u00e9 s\u00f3 a liga\u00e7\u00e3o com manias supresticiosas!?<\/span><\/p>\n<p style=\"text-align: center;\"><span style=\"color: #333399;\">Aqui s\u00f3 posso dizer que me incomoda e depois existe simplesmente s\u00f3 um \u201cN\u00e3o\u201d&#8230;<\/span><\/p>\n<p style=\"text-align: center;\"><span style=\"color: #333399;\">eu assim nunca trabalho.<\/span><\/p>\n<p style=\"text-align: center;\"><span style=\"color: #333399;\">Supresti\u00e7\u00e3o \u00e9 terr\u00edvelmente prejudicial.<\/span><\/p>\n<p style=\"text-align: center;\"><span style=\"color: #333399;\">Eu sou uma pessoa que pensa e analiza, posso resolver quest\u00f5es,<\/span><\/p>\n<p style=\"text-align: center;\"><span style=\"color: #333399;\">atrav\u00e9s de cr\u00edticas noc\u00edvas estraga-se o meu trabalho.<\/span><\/p>\n<p style=\"text-align: center;\">\r\n                            <\/div>\r\n                        <\/div>\n<p style=\"text-align: center;\"><span style=\"font-size: 10pt;\">\u00a0<\/span><\/p>\n","protected":false},"excerpt":{"rendered":"<p>EU Os quadros s\u00e3o pe\u00e7as \u00fanicas, pintadas em transe. As afinidades que possam haver, representam s\u00f3 o estado das pessoas na sua ilus\u00e3o. Eu pinto a \u00f3leo, ou tintas especificas como; sint\u00e9tico (Acryl), ou l\u00e1pis de carv\u00e3o, ou cor. Dependentemente do tema que abrange a posse ps\u00edquica, do poder mental, da purifica\u00e7\u00e3o &hellip; <a class=\"kt-excerpt-readmore\" href=\"https:\/\/natercia.de\/pt\/sobre-mim\/\" aria-label=\"sobre mim\">ler mais<\/a><\/p>\n","protected":false},"author":1,"featured_media":1364,"parent":0,"menu_order":0,"comment_status":"closed","ping_status":"closed","template":"","meta":{"footnotes":""},"class_list":["post-1750","page","type-page","status-publish","has-post-thumbnail","hentry"],"_links":{"self":[{"href":"https:\/\/natercia.de\/pt\/wp-json\/wp\/v2\/pages\/1750","targetHints":{"allow":["GET"]}}],"collection":[{"href":"https:\/\/natercia.de\/pt\/wp-json\/wp\/v2\/pages"}],"about":[{"href":"https:\/\/natercia.de\/pt\/wp-json\/wp\/v2\/types\/page"}],"author":[{"embeddable":true,"href":"https:\/\/natercia.de\/pt\/wp-json\/wp\/v2\/users\/1"}],"replies":[{"embeddable":true,"href":"https:\/\/natercia.de\/pt\/wp-json\/wp\/v2\/comments?post=1750"}],"version-history":[{"count":22,"href":"https:\/\/natercia.de\/pt\/wp-json\/wp\/v2\/pages\/1750\/revisions"}],"predecessor-version":[{"id":2057,"href":"https:\/\/natercia.de\/pt\/wp-json\/wp\/v2\/pages\/1750\/revisions\/2057"}],"wp:featuredmedia":[{"embeddable":true,"href":"https:\/\/natercia.de\/pt\/wp-json\/wp\/v2\/media\/1364"}],"wp:attachment":[{"href":"https:\/\/natercia.de\/pt\/wp-json\/wp\/v2\/media?parent=1750"}],"curies":[{"name":"wp","href":"https:\/\/api.w.org\/{rel}","templated":true}]}}