{"id":1924,"date":"2017-05-02T19:21:56","date_gmt":"2017-05-02T17:21:56","guid":{"rendered":"https:\/\/natercia.de\/de\/?post_type=product&#038;p=1924"},"modified":"2017-05-02T19:58:04","modified_gmt":"2017-05-02T17:58:04","slug":"schatten","status":"publish","type":"product","link":"https:\/\/natercia.de\/de\/produkt\/schatten\/","title":{"rendered":"Schatten"},"content":{"rendered":"<p>&nbsp;<\/p>\n<div class='dropshadowboxes-container ' style='width:auto;'>\r\n                            <div class='dropshadowboxes-drop-shadow dropshadowboxes-rounded-corners dropshadowboxes-inside-and-outside-shadow dropshadowboxes-lifted-both dropshadowboxes-effect-default' style=' border: 2px solid #2d2121; height:; background-color:#b3f68c;    '>\r\n                             &#8222;Die Dualit\u00e4t wird durch Bilder best\u00e4tigt&#8220; &#8222;Alles ist Liebe in mir&#8220; &#8211; Die zwei Seiten des Menschen ist immer in Farben so wie in Formen zu sehen. Formen und Farben die ineinander laufen und jeder auf die Gleichm\u00e4\u00dfigkeit Gottes ausgerichtet. Der Titel best\u00e4tigt diesen gleichm\u00e4\u00dfiges Lauf in mir. Liebe mich\r\n                            <\/div>\r\n                        <\/div>\n<p>&nbsp;<\/p>\n","protected":false},"excerpt":{"rendered":"<p>Bleistifte auf Papier<\/p>\n<p>30cmX42cm<\/p>\n","protected":false},"featured_media":1925,"comment_status":"open","ping_status":"closed","template":"","meta":[],"product_cat":[47],"product_tag":[48],"_links":{"self":[{"href":"https:\/\/natercia.de\/de\/wp-json\/wp\/v2\/product\/1924"}],"collection":[{"href":"https:\/\/natercia.de\/de\/wp-json\/wp\/v2\/product"}],"about":[{"href":"https:\/\/natercia.de\/de\/wp-json\/wp\/v2\/types\/product"}],"replies":[{"embeddable":true,"href":"https:\/\/natercia.de\/de\/wp-json\/wp\/v2\/comments?post=1924"}],"wp:featuredmedia":[{"embeddable":true,"href":"https:\/\/natercia.de\/de\/wp-json\/wp\/v2\/media\/1925"}],"wp:attachment":[{"href":"https:\/\/natercia.de\/de\/wp-json\/wp\/v2\/media?parent=1924"}],"wp:term":[{"taxonomy":"product_cat","embeddable":true,"href":"https:\/\/natercia.de\/de\/wp-json\/wp\/v2\/product_cat?post=1924"},{"taxonomy":"product_tag","embeddable":true,"href":"https:\/\/natercia.de\/de\/wp-json\/wp\/v2\/product_tag?post=1924"}],"curies":[{"name":"wp","href":"https:\/\/api.w.org\/{rel}","templated":true}]}}