{"id":736,"date":"2014-09-08T18:46:48","date_gmt":"2014-09-08T17:46:48","guid":{"rendered":"http:\/\/natercia.de\/?page_id=736"},"modified":"2017-05-17T22:48:11","modified_gmt":"2017-05-17T20:48:11","slug":"wir-sind-liebe","status":"publish","type":"page","link":"https:\/\/natercia.de\/de\/wir-sind-liebe\/","title":{"rendered":"wir sind so"},"content":{"rendered":"<h3 class=\"wp-caption-dt\" style=\"text-align: center;\"><span style=\"font-family: impact,chicago; color: #333300; font-size: 18pt;\">wir sind so und weil wir nie wissen wie wir sind,\u00a0 bleiben wir nur so!!!<\/span><\/h3>\n<h3 class=\"wp-caption-dt\" style=\"text-align: center;\"><span style=\"font-family: impact,chicago; color: #333300; font-size: 18pt;\">in meinem Namen ist nur\u00a0 das, was ich sein will<\/span><\/h3>\n<h3 class=\"wp-caption-dt\" style=\"text-align: center;\"><span style=\"font-family: impact,chicago; color: #333300; font-size: 18pt;\">und von allem was ich wei\u00df was ich bin,<\/span><\/h3>\n<h3 class=\"wp-caption-dt\" style=\"text-align: center;\"><span style=\"font-family: impact,chicago; color: #333300; font-size: 18pt;\">es bleibt nur das was ich liebe und wei\u00df was ich sein kann<\/span><\/h3>\n<p class=\"dl-horizontal\" style=\"text-align: center;\">\u00a0<strong><em><span style=\"font-family: courier new,courier; font-size: xx-large; color: #000080;\">ich liebe<\/span><\/em><\/strong><\/p>\n<p class=\"dl-horizontal\" style=\"text-align: center;\">\u00a0<\/p>\n<p class=\"dl-horizontal\" style=\"text-align: center;\">\u00a0<\/p>\n<div class='dropshadowboxes-container dropshadowboxes-center ' style='width:100%;'>\r\n                            <div class='dropshadowboxes-drop-shadow dropshadowboxes-rounded-corners dropshadowboxes-inside-and-outside-shadow dropshadowboxes-lifted-both dropshadowboxes-effect-default' style='width:500px; border: 2px solid #2be543; height:45px; background-color:#cab094;    '>\r\n                            <span style=\"font-size: 14pt; color: #003366; font-family: verdana,geneva,sans-serif;\"><strong>um weiter zu lesen unten dr\u00fccken zu \u00f6ffnen<\/strong><\/span>\r\n                            <\/div>\r\n                        <\/div>\n<p>&nbsp;<\/p>\n<p><span style=\"font-size: 14pt;\"><strong><span style=\"font-family: verdana,geneva,sans-serif;\"><span style=\"color: #003366;\">\u00a0\u00a0\u00a0\u00a0\u00a0\u00a0\u00a0\u00a0\u00a0\u00a0\u00a0\u00a0\u00a0\u00a0\u00a0\u00a0\u00a0\u00a0\u00a0\u00a0\u00a0\u00a0\u00a0 \u00a0 \u00a0 \u00a0 \u00a0 \u00a0 \u00a0 \u00a0 \u00a0 \u00a0<\/span> \u00a0 \u00a0 \u00a0 \u00a0 \u00a0 \u00a0 \u00a0 \u00a0\u00a0\u00a0\u00a0\u00a0\u00a0 \t\t\t<i class=\"icon-arrow-down3 \" style=\"font-size:23px; display:inline-block; color:#dd0202; \t\t\t\"><\/i>\n\t\t\t\t<\/span><\/strong><\/span><\/p>\n\n<div class=\"panel-group\" id=\"accordionname14\"><div class=\"panel panel-default panel-even\"><div class=\"panel-heading\"><a class=\"accordion-toggle collapsed\" data-toggle=\"collapse\" data-parent=\"#accordionname14\" href=\"#collapse140\"><h5><i class=\"icon-minus primary-color\"><\/i><i class=\"icon-plus\"><\/i>ich liebe<\/h5><\/a><\/div><div id=\"collapse140\" class=\"panel-collapse collapse \"><div class=\"panel-body postclass\">\n<p>&nbsp;<\/p>\n<p><em><strong><span style=\"font-family: andale mono,times;\">Wir sind so<\/span><\/strong><\/em><\/p>\n<p>&nbsp;<\/p>\n<h1>Ich \u00f6ffne meine Akasha und lese<\/h1>\n<p>\u00a0\u201c ich bin ich \u201e<\/p>\n<p>und wenn ich meine Lesung fortsetze,<\/p>\n<p>bejahe ich immer und nur: !! &#8211; ich bin ich- !!<\/p>\n<p>So viele Jahre und ich h\u00f6re immer nur den Satz der sagt:<\/p>\n<p>! &#8211; ich bin das was ich wei\u00df was ich bin &#8211; !<\/p>\n<p>Bis ich endlich heute in meiner Akasha einen anderen Namen lese:<\/p>\n<p>! &#8211; ich bin was ich wei\u00df und wei\u00df was ich sein will &#8211; !<\/p>\n<p>Impr\u00e4gnant und Entt\u00e4uschend, von dem was ich letztendlich wei\u00df was ich bin.<\/p>\n<p>Inzwischen die Gebete aktivieren, das was ich wei\u00df was ich bin!<\/p>\n<p>Ich habe viel Vergn\u00fcgen das zu sein, was ich wei\u00df was ich bin!<\/p>\n<p>Jedoch das was ich wei\u00df, ist das was ich noch nicht bin, was ich sein will!<\/p>\n<p>Das was sich wirklich so hei\u00dft: ! ich bin !<\/p>\n<p>Und ich bin Was ich in der Zwischenzeit bin!<\/p>\n<p>Wenn ich in meiner Akasha lese was ich sein will, sage ich dann:<\/p>\n<p>&#8211; das was ich sein will, ist das was ich eingentlich von mir verlange.<\/p>\n<p>Und wenn ich wei\u00df was ich von mir verlange \u2013 gebe ich auf zu sein was ich sein will!<\/p>\n<p>Ich ertrage und beute aus; alles was ich wei\u00df, was ich will und sogar das was ich sein kann und nie wei\u00df das ich schon bin!<\/p>\n<p>Ich halte alles aus, verdrehe alles, ich halte alles aus, sogar die Manie das zu sein was ich sein will.<\/p>\n<p>Letztendlich kann ich nicht verstehen.<\/p>\n<p>Oder kann das sein das ich es wei\u00df und kann es nicht ertragen dir zu sagen?<\/p>\n<p>Schlie\u00dflich ist es hier wo das Gesetz des Wesens in mir \u2026 \u201edann\u201c \u00fcber das bestimmt was ich dir sagen will.<\/p>\n<p>Das ich wei\u00df, das ich das wei\u00df was ich sein kann?<\/p>\n<p>Oder das ich dir nie sagen darf, das ich nicht ausf\u00fclle was ich sein soll?<\/p>\n<p>Also gut, ich sage es dir Ich bin Licht, ich lebe hier bin am leben, habe Mutter, Vater, Familia und Kinder.<\/p>\n<p>Bin Mensch, habe Rechte und habe noch etwas anderes;<\/p>\n<p>&#8211; das Bewusstsein was Leben ist.<\/p>\n<p>Ich kann lesen und schreiben und wei\u00df, dass das was ich bin den Namen des Lebens ist was ich vollendet habe.<\/p>\n<p>Ich habe viele Spitz-Namen, manche gut ,manche schlecht ich habe ein Leben das sehr schwierig ist zu verstehen,<\/p>\n<p>aber ich wei\u00df das ich wei\u00df was ich tue, ich weiss was ich will und weiss was das Leben mir gab.<\/p>\n<p>Gott ist mein Wesen in dem was mir das Leben gab.<\/p>\n<p>In der Dualit\u00e4t vom dem was ich bin<\/p>\n<p>&nbsp;<\/p>\n<h3>Om Nahma Shivaya<\/h3>\n<p>&nbsp;<\/p>\n<h3>\u00a0<\/div><\/div><\/div>\n<div class=\"panel panel-default panel-odd\"><div class=\"panel-heading\"><a class=\"accordion-toggle collapsed\" data-toggle=\"collapse\" data-parent=\"#accordionname14\" href=\"#collapse141\"><h5><i class=\"icon-minus primary-color\"><\/i><i class=\"icon-plus\"><\/i>danach<\/h5><\/a><\/div><div id=\"collapse141\" class=\"panel-collapse collapse \"><div class=\"panel-body postclass\"><\/h3>\n<h3>\n <a href=\"https:\/\/natercia.de\/de\/wp-content\/uploads\/2015\/09\/CIMG7040.jpg\"><img loading=\"lazy\" decoding=\"async\" class=\"wp-image-1583 alignleft\" src=\"https:\/\/natercia.de\/de\/wp-content\/uploads\/2015\/09\/CIMG7040-300x225.jpg\" alt=\"CIMG7040\" width=\"107\" height=\"80\" data-id=\"1583\" srcset=\"https:\/\/natercia.de\/de\/wp-content\/uploads\/2015\/09\/CIMG7040-300x225.jpg 300w, https:\/\/natercia.de\/de\/wp-content\/uploads\/2015\/09\/CIMG7040.jpg 1024w\" sizes=\"(max-width: 107px) 100vw, 107px\" \/><\/a><\/h3>\n<h3>\u00a0<\/h3>\n<h3>OM<\/h3>\n<p>&nbsp;<\/p>\n<h3><\/div><\/div><\/div>\n<div class=\"panel panel-default panel-even\"><div class=\"panel-heading\"><a class=\"accordion-toggle collapsed\" data-toggle=\"collapse\" data-parent=\"#accordionname14\" href=\"#collapse142\"><h5><i class=\"icon-minus primary-color\"><\/i><i class=\"icon-plus\"><\/i>jetzt<\/h5><\/a><\/div><div id=\"collapse142\" class=\"panel-collapse collapse \"><div class=\"panel-body postclass\"><\/h3>\n<h3>\n <img loading=\"lazy\" decoding=\"async\" class=\"alignleft  wp-image-1928\" src=\"https:\/\/natercia.de\/de\/wp-content\/uploads\/2017\/05\/17571853_1686428334716957_1451264252_o-3-150x150.jpg\" alt=\"\" width=\"95\" height=\"95\" data-id=\"1928\" srcset=\"https:\/\/natercia.de\/de\/wp-content\/uploads\/2017\/05\/17571853_1686428334716957_1451264252_o-3-150x150.jpg 150w, https:\/\/natercia.de\/de\/wp-content\/uploads\/2017\/05\/17571853_1686428334716957_1451264252_o-3-250x250.jpg 250w, https:\/\/natercia.de\/de\/wp-content\/uploads\/2017\/05\/17571853_1686428334716957_1451264252_o-3-350x350.jpg 350w\" sizes=\"(max-width: 95px) 100vw, 95px\" \/><\/h3>\n<h3>\u00a0<\/h3>\n<h3>om Nahma Shivaya<\/h3>\n<h3>\u00a0<\/h3>\n<h3><\/div><\/div><\/div><\/div>\n<\/h3>\n<p><a href=\"https:\/\/natercia.de\/pt\/somos-assim-amo\"><img loading=\"lazy\" decoding=\"async\" class=\"alignright  wp-image-1561\" src=\"https:\/\/natercia.de\/de\/wp-content\/uploads\/2015\/09\/pt.png\" alt=\"portugu\u00eas\" width=\"47\" height=\"32\" data-id=\"1561\" \/><\/a><\/p>\n<p>&nbsp;<\/p>\n<p>&nbsp;<\/p>\n<p>&nbsp;<\/p>\n","protected":false},"excerpt":{"rendered":"<p>wir sind so und weil wir nie wissen wie wir sind,\u00a0 bleiben wir nur so!!! in meinem Namen ist nur\u00a0 das, was ich sein will und von allem was ich wei\u00df was ich bin, es bleibt nur das was ich liebe und wei\u00df was ich sein kann \u00a0ich liebe \u00a0 \u00a0 &nbsp; &hellip; <a class=\"kt-excerpt-readmore\" href=\"https:\/\/natercia.de\/de\/wir-sind-liebe\/\" aria-label=\"wir sind so\">Weiterlesen<\/a><\/p>\n","protected":false},"author":1,"featured_media":1634,"parent":0,"menu_order":1,"comment_status":"open","ping_status":"closed","template":"","meta":{"footnotes":""},"_links":{"self":[{"href":"https:\/\/natercia.de\/de\/wp-json\/wp\/v2\/pages\/736"}],"collection":[{"href":"https:\/\/natercia.de\/de\/wp-json\/wp\/v2\/pages"}],"about":[{"href":"https:\/\/natercia.de\/de\/wp-json\/wp\/v2\/types\/page"}],"author":[{"embeddable":true,"href":"https:\/\/natercia.de\/de\/wp-json\/wp\/v2\/users\/1"}],"replies":[{"embeddable":true,"href":"https:\/\/natercia.de\/de\/wp-json\/wp\/v2\/comments?post=736"}],"version-history":[{"count":19,"href":"https:\/\/natercia.de\/de\/wp-json\/wp\/v2\/pages\/736\/revisions"}],"predecessor-version":[{"id":1952,"href":"https:\/\/natercia.de\/de\/wp-json\/wp\/v2\/pages\/736\/revisions\/1952"}],"wp:featuredmedia":[{"embeddable":true,"href":"https:\/\/natercia.de\/de\/wp-json\/wp\/v2\/media\/1634"}],"wp:attachment":[{"href":"https:\/\/natercia.de\/de\/wp-json\/wp\/v2\/media?parent=736"}],"curies":[{"name":"wp","href":"https:\/\/api.w.org\/{rel}","templated":true}]}}