{"id":710,"date":"2014-09-05T20:49:00","date_gmt":"2014-09-05T20:49:00","guid":{"rendered":"http:\/\/natercia.de\/?page_id=710"},"modified":"2015-12-16T19:22:50","modified_gmt":"2015-12-16T18:22:50","slug":"ja-ich-weis","status":"publish","type":"page","link":"https:\/\/natercia.de\/de\/ja-ich-weis\/","title":{"rendered":"ja ich wei\u00df"},"content":{"rendered":"<figure id=\"attachment_1583\" class=\"thumbnail wp-caption alignleft\" style=\"width: 300px\"><a href=\"https:\/\/natercia.de\/de\/wp-content\/uploads\/2015\/09\/CIMG7040.jpg\"><img loading=\"lazy\" decoding=\"async\" class=\"wp-image-1583 size-medium\" src=\"https:\/\/natercia.de\/de\/wp-content\/uploads\/2015\/09\/CIMG7040-300x225.jpg\" alt=\"CIMG7040\" width=\"300\" height=\"225\" data-id=\"1583\" srcset=\"https:\/\/natercia.de\/de\/wp-content\/uploads\/2015\/09\/CIMG7040-300x225.jpg 300w, https:\/\/natercia.de\/de\/wp-content\/uploads\/2015\/09\/CIMG7040.jpg 1024w\" sizes=\"(max-width: 300px) 100vw, 300px\" \/><\/a><figcaption class=\"caption wp-caption-text\">ich liebe mich wie ich bin<\/figcaption><\/figure>\n<h5 class=\"text-left\" style=\"text-align: right;\">\u00a0<\/h5>\n<h5 class=\"text-left\" style=\"text-align: right;\">\u00a0<\/h5>\n<h5 class=\"text-left\" style=\"text-align: right;\"><span style=\"text-decoration: underline; font-size: 8pt;\"><span style=\"font-family: terminal,monaco; font-style: normal; text-transform: capitalize; font-weight: normal; font-variant: normal; text-decoration: blink; background-color: #15e9e9; background-repeat: no-repeat; background-attachment: fixed; background-position: left center; border-color: #fd0129; list-style-position: inside;\">ja&#8230;&#8230;.<\/span><\/span><\/h5>\n<h5 class=\"text-left\" style=\"text-align: right;\"><span style=\"font-size: 12pt; color: #000080; font-family: arial black,avant garde;\">wenn wir nur w\u00fc\u00dften, da\u00df wir so sind,,<\/span><\/h5>\n<h5 class=\"text-left\" style=\"text-align: right;\"><span style=\"font-size: 12pt; font-family: arial black,avant garde; color: #000080;\">w\u00fcrden wir nie sagen, da\u00df unser Wesen so sein w\u00fcrde&#8230;<\/span><\/h5>\n<h5 class=\"text-left\" style=\"text-align: right;\"><span style=\"font-size: 12pt; font-family: arial black,avant garde; color: #000080;\">Nur so sind wir !!!!!!!!<\/span><\/h5>\n<h5 class=\"text-left\" style=\"text-align: right;\"><span style=\"font-size: 12pt; font-family: arial black,avant garde; color: #000080;\">Wir wissen, da\u00df es so ist!<\/span><\/h5>\n<h5 class=\"text-left\" style=\"text-align: right;\"><span style=\"font-size: 12pt; font-family: arial black,avant garde; color: #000080;\">Wir wissen da\u00df wir so sind!<\/span><\/h5>\n<h5 class=\"text-left\" style=\"text-align: right;\"><span style=\"font-size: 12pt; font-family: arial black,avant garde; color: #000080;\">Und wir wissen immer, da\u00df alles in uns ist&#8230;..<\/span><\/h5>\n<h3 class=\"text-left\" style=\"text-align: right;\"><span style=\"font-size: 12pt; font-family: arial black,avant garde; color: #000080;\">W\u00e4hrend es sowohl schmerzte und ich f\u00fchlte da\u00df es so war.<\/span><\/h3>\n<p style=\"text-align: right;\">\u00a0<\/p>\n<p>\u00a0 die Sonne die scheint wo ich wei\u00df, da\u00df ich wei\u00df, da\u00df ich wei\u00df, da\u00df ich wei\u00df&#8230;.<\/p>\n<p><a href=\"https:\/\/natercia.de\/de\/wp-content\/uploads\/2015\/08\/ja-150x1501.png\"><img loading=\"lazy\" decoding=\"async\" class=\"alignleft size-full wp-image-1377\" src=\"https:\/\/natercia.de\/de\/wp-content\/uploads\/2015\/08\/ja-150x1501.png\" alt=\"ja-150x150\" width=\"150\" height=\"150\" \/><\/a>\u00a0\u00a0 die Sonne die im Spiegel scheint, von dem was ich wei\u00df,<\/p>\n<p>\u00a0\u00a0 was ich wei\u00df, was ich wei\u00df, was ich wei\u00df&#8230;&#8230;.<\/p>\n<p><a href=\"https:\/\/natercia.de\/pt\/sim\/\"><img loading=\"lazy\" decoding=\"async\" class=\"alignright  wp-image-1561\" src=\"https:\/\/natercia.de\/de\/wp-content\/uploads\/2015\/09\/pt.png\" alt=\"portugu\u00eas\" width=\"39\" height=\"27\" data-id=\"1561\" \/><\/a><\/p>\n<p>&nbsp;<\/p>\n<p>&nbsp;<\/p>\n<p>&nbsp;<\/p>\n<p>&nbsp;<\/p>\n<p>&nbsp;<\/p>\n<p>&nbsp;<\/p>\n<p>&nbsp;<\/p>\n","protected":false},"excerpt":{"rendered":"<p>\u00a0 \u00a0 ja&#8230;&#8230;. wenn wir nur w\u00fc\u00dften, da\u00df wir so sind,, w\u00fcrden wir nie sagen, da\u00df unser Wesen so sein w\u00fcrde&#8230; Nur so sind wir !!!!!!!! Wir wissen, da\u00df es so ist! Wir wissen da\u00df wir so sind! Und wir wissen immer, da\u00df alles in uns ist&#8230;.. W\u00e4hrend es sowohl schmerzte und &hellip; <a class=\"kt-excerpt-readmore\" href=\"https:\/\/natercia.de\/de\/ja-ich-weis\/\" aria-label=\"ja ich wei\u00df\">Weiterlesen<\/a><\/p>\n","protected":false},"author":1,"featured_media":0,"parent":0,"menu_order":0,"comment_status":"open","ping_status":"closed","template":"","meta":{"footnotes":""},"_links":{"self":[{"href":"https:\/\/natercia.de\/de\/wp-json\/wp\/v2\/pages\/710"}],"collection":[{"href":"https:\/\/natercia.de\/de\/wp-json\/wp\/v2\/pages"}],"about":[{"href":"https:\/\/natercia.de\/de\/wp-json\/wp\/v2\/types\/page"}],"author":[{"embeddable":true,"href":"https:\/\/natercia.de\/de\/wp-json\/wp\/v2\/users\/1"}],"replies":[{"embeddable":true,"href":"https:\/\/natercia.de\/de\/wp-json\/wp\/v2\/comments?post=710"}],"version-history":[{"count":19,"href":"https:\/\/natercia.de\/de\/wp-json\/wp\/v2\/pages\/710\/revisions"}],"predecessor-version":[{"id":1542,"href":"https:\/\/natercia.de\/de\/wp-json\/wp\/v2\/pages\/710\/revisions\/1542"}],"wp:attachment":[{"href":"https:\/\/natercia.de\/de\/wp-json\/wp\/v2\/media?parent=710"}],"curies":[{"name":"wp","href":"https:\/\/api.w.org\/{rel}","templated":true}]}}