{"id":1709,"date":"2015-11-02T20:31:37","date_gmt":"2015-11-02T19:31:37","guid":{"rendered":"http:\/\/natercia.de\/de\/?page_id=1709"},"modified":"2018-01-18T18:01:54","modified_gmt":"2018-01-18T17:01:54","slug":"ueber-mich","status":"publish","type":"page","link":"https:\/\/natercia.de\/de\/ueber-mich\/","title":{"rendered":"\u00fcber mich"},"content":{"rendered":"<h1 style=\"text-align: center;\"><a href=\"https:\/\/natercia.de\/pt\/sobre-mim\/\" target=\"_blank\" rel=\"noopener\"><img loading=\"lazy\" decoding=\"async\" class=\" wp-image-1561 alignright\" src=\"https:\/\/natercia.de\/de\/wp-content\/uploads\/2015\/09\/pt.png\" alt=\"portugu\u00eas\" width=\"40\" height=\"27\" data-id=\"1561\" \/><\/a><\/h1>\n<h1 style=\"text-align: center;\">\u00a0<\/h1>\n<p>&nbsp;<\/p>\n<p style=\"text-align: center;\"><span style=\"font-size: 10pt; font-family: 'arial black', sans-serif;\">ICH<\/span><\/p>\n<p style=\"text-align: center;\"><span style=\"font-size: 10pt; font-family: 'arial black', sans-serif;\">Die Bilder sind Einzel-St\u00fccke gemalt im Trance Zustand alle Affinit\u00e4ten, die sein k\u00f6nnen, <\/span><\/p>\n<p style=\"text-align: center;\"><span style=\"font-size: 10pt; font-family: 'arial black', sans-serif;\">repr\u00e4sentieren nur\u00a0<\/span><span style=\"font-size: 10pt; font-family: 'arial black', sans-serif;\">den Zustand der Menschen in ihrer Illusion. <\/span><\/p>\n<p style=\"text-align: center;\"><span style=\"font-size: 10pt; font-family: 'arial black', sans-serif;\">Ich male mit \u00d6l oder mit bestimmten Farben wie;<\/span><\/p>\n<p style=\"text-align: center;\"><span style=\"font-size: 10pt; font-family: 'arial black', sans-serif;\">Synthetische (Acryl), Kohlestift, oder Farbe Thema Abh\u00e4ngig, deckt ab<\/span><\/p>\n<p style=\"text-align: center;\"><span style=\"font-size: 10pt; font-family: 'arial black', sans-serif;\">den psychischen Besitz der geistigen Kraft, der Reinigung was man in dem mentalen Zustand <\/span><\/p>\n<p style=\"text-align: center;\"><span style=\"font-size: 10pt; font-family: 'arial black', sans-serif;\">zu finden versucht.<\/span><\/p>\n<p style=\"text-align: center;\"><span style=\"font-size: 10pt; font-family: 'arial black', sans-serif;\">Im Gehirn gespeichert durch Trauma, oder Blockaden von pr\u00e4disponierten Phantasien;<\/span><\/p>\n<p style=\"text-align: center;\"><span style=\"font-size: 10pt; font-family: 'arial black', sans-serif;\">wie die Abwendung von seinem eigenen Wesen. <\/span><\/p>\n<p style=\"text-align: center;\"><span style=\"font-size: 10pt; font-family: 'arial black', sans-serif;\">Alles im Leben ist Eigen wenn es in Evolution ist.<\/span><\/p>\n<p style=\"text-align: center;\"><span style=\"font-size: 10pt; font-family: 'arial black', sans-serif;\">Es interessiert nicht ob es psychisch, mental, formal, oder physische Evolution ist.<\/span><\/p>\n<p style=\"text-align: center;\"><span style=\"font-size: 10pt; font-family: 'arial black', sans-serif;\">Wenn ich male f\u00fchle ich den Klang der Themen, der sich im allt\u00e4glichen Leben der Menschen formen.<\/span><\/p>\n<p style=\"text-align: center;\"><span style=\"font-size: 10pt; font-family: 'arial black', sans-serif;\">Die Weigerung zu sein was man ist, spielt eine Zentrale Rolle im Leben allen Wesen<\/span><\/p>\n<p style=\"text-align: center;\"><span style=\"font-size: 10pt; font-family: 'arial black', sans-serif;\">das in der Dualit\u00e4t auf der Erdkruste lebt.<\/span><\/p>\n<p style=\"text-align: center;\"><span style=\"font-size: 10pt; font-family: 'arial black', sans-serif;\">Lange Jahre erlebte ich\u00a0 Psychiatrie und\u00a0 weinte genau die\u00a0 Themen hier spezifiziert als\u00a0 \u201enur meines\u201c.<\/span><\/p>\n<p style=\"text-align: center;\"><span style=\"font-size: 10pt; font-family: 'arial black', sans-serif;\">Allerdings ist die Arbeit aufgebaut auf\u00a0 meinem Wesen als freie Frau.<\/span><\/p>\n<p style=\"text-align: center;\"><span style=\"font-size: 10pt; font-family: 'arial black', sans-serif;\">Ich lerne\u00a0 zu leben das was ich f\u00fchle und niemals das was jeder f\u00fcr sich als richtig empfindet!<\/span><\/p>\n<p>&nbsp;<\/p>\n<h2 style=\"text-align: center;\"><div class='dropshadowboxes-container dropshadowboxes-left ' style='width:auto;'>\r\n                            <div class='dropshadowboxes-drop-shadow dropshadowboxes-rounded-corners dropshadowboxes-inside-and-outside-shadow dropshadowboxes-perspective-left dropshadowboxes-effect-default' style=' border: 1px solid #bafcfb; height:; background-color:#c79696;    '>\r\n                            in mir aufwachen\r\n                            <\/div>\r\n                        <\/div><\/h2>\n<p>&nbsp;<\/p>\n<p>&nbsp;<\/p>\n<p>&nbsp;<\/p>\n<p style=\"text-align: center;\"><strong><span style=\"font-size: 10pt;\">\u00a0<\/span><\/strong><\/p>\n<p style=\"text-align: center;\"><strong><span style=\"font-size: 10pt;\">ich liebe was ich mache<\/span><\/strong><\/p>\n<p style=\"text-align: center;\"><strong><span style=\"font-size: 10pt;\">ich liebe was ich Liebe<\/span><\/strong><\/p>\n<p style=\"text-align: center;\"><strong><span style=\"font-size: 10pt;\">ich werde wach in das was ich sein kann<\/span><\/strong><\/p>\n<p style=\"text-align: center;\"><strong><span style=\"font-size: 10pt;\">ich wecke\u00a0 diejenigen auf die so lieben wollen wie ich<\/span><\/strong><\/p>\n<p style=\"text-align: center;\"><strong><span style=\"font-size: 10pt;\">ich lebe in meiner Akasha<\/span><\/strong><\/p>\n<p style=\"text-align: center;\"><strong><span style=\"font-size: 10pt;\">ich lese was ich schreibe<\/span><\/strong><\/p>\n<p style=\"text-align: center;\"><strong><span style=\"font-size: 10pt;\">ich nehme an was man mir gibt<\/span><\/strong><\/p>\n<p style=\"text-align: center;\"><strong><span style=\"font-size: 10pt;\">ich arbeite in dem was ich lerne<\/span><\/strong><\/p>\n<p style=\"text-align: center;\"><strong><span style=\"font-size: 10pt;\">und ich m\u00f6chte immer nur so sein, bis Jesus mir sagt das ich doch Liebe in mir bin!<\/span><\/strong><\/p>\n<p style=\"text-align: center;\"><strong><span style=\"font-size: 10pt;\">Yonis<\/span><\/strong><\/p>\n<p style=\"text-align: center;\">\u00a0<\/p>\n<p style=\"text-align: center;\"><div class='dropshadowboxes-container dropshadowboxes-center ' style='width:100%;'>\r\n                            <div class='dropshadowboxes-drop-shadow dropshadowboxes-rounded-corners dropshadowboxes-inside-and-outside-shadow dropshadowboxes-lifted-both dropshadowboxes-effect-default' style='width:auto; border: 1px solid #dddddd; height:; background-color:#f2c607;    '>\r\n                            \n<p style=\"text-align: center;\">Ich bin Yonis<\/p>\n<p style=\"text-align: center;\">Ich habe Eins, was ihr nicht habt.<\/p>\n<p style=\"text-align: center;\">Ich kann Menschen beibringen, wie man sich mit Problemen auseinander setzen kann,<\/p>\n<p style=\"text-align: center;\">ohne\u00a0dass man es so merkt.<\/p>\n<p style=\"text-align: center;\">So das jeder denkt das ich es bin, der die Probleme hat.<\/p>\n<p style=\"text-align: center;\">Ich kann es visualisieren, um es zu l\u00f6sen und ich kann es auch noch malen.<\/p>\n<p style=\"text-align: center;\">Durch das Malen verbinde ich mich mit einer genannten Kopie.<\/p>\n<p style=\"text-align: center;\">Probleme sind nur defekte Gedanken-Muster.<\/p>\n<p style=\"text-align: center;\">L\u00f6sung w\u00e4re das Alle auf so ein Bild sehen k\u00f6nnten, als ob es eine Illusion w\u00e4re.<\/p>\n<p style=\"text-align: center;\">Sich vorstellen dass es nicht so ist.<\/p>\n<p style=\"text-align: center;\">Dann auch noch sich einfach damit verbinden und dabei so tun als ob ich es w\u00e4re\u00a0z.B.<\/p>\n<p style=\"text-align: center;\">Das ich diejenige w\u00e4re die sich so verhalten k\u00f6nnte!<\/p>\n<p style=\"text-align: center;\">Es geht auch in dem ich es male, du siehst es nach und dabei merkst du wie es dir dabei geht.<\/p>\n<p style=\"text-align: center;\">Wie es sich anf\u00fchlt. Wunderbare Geschichte.<\/p>\n<p style=\"text-align: center;\">Es w\u00e4re auch noch m\u00f6glich es einfach nur so stehen lassen und nur das Licht was dabei entsteht sehen,<\/p>\n<p style=\"text-align: center;\">oder empfinden.<\/p>\n<p style=\"text-align: center;\">Das hier nur wenn man schon so weit ist, dass man vieles unterscheiden kann.<\/p>\n<p style=\"text-align: center;\">Was es ist, was man sieht, riecht, empfindet, denkt, h\u00f6rt und usw. \u2026<\/p>\n<p style=\"text-align: center;\">Am besten w\u00e4re es einfach alles auf dem Programm zu haben; beim Lesen, diktieren, h\u00f6ren,<\/p>\n<p style=\"text-align: center;\">riechen und denken\u2026??!!<\/p>\n<p style=\"text-align: center;\">Unm\u00f6glich ist nur die Verbindung mit dem Aberglaube!?<\/p>\n<p style=\"text-align: center;\">Da muss ich nur sagen das es mich st\u00f6rt und danach gibt es nur ein einfaches \u201eNein\u201c\u2026<\/p>\n<p style=\"text-align: center;\">ich arbeite nicht so.<\/p>\n<p style=\"text-align: center;\">Aberglaube ist sch\u00e4dlich.<\/p>\n<p style=\"text-align: center;\">Ich bin ein Mensch der denkt, analysiert und kann Aufgaben l\u00f6sen,<\/p>\n<p style=\"text-align: center;\">durch Kritik kann man alles kaputt machen.<\/p>\n<p style=\"text-align: center;\">\r\n                            <\/div>\r\n                        <\/div>\n<p style=\"text-align: center;\">\u00a0<\/p>\n<p style=\"text-align: center;\">\u00a0<\/p>\n<p style=\"text-align: center;\">\u00a0<\/p>\n<p>&nbsp;<\/p>\n","protected":false},"excerpt":{"rendered":"<p>\u00a0 &nbsp; ICH Die Bilder sind Einzel-St\u00fccke gemalt im Trance Zustand alle Affinit\u00e4ten, die sein k\u00f6nnen, repr\u00e4sentieren nur\u00a0den Zustand der Menschen in ihrer Illusion. Ich male mit \u00d6l oder mit bestimmten Farben wie; Synthetische (Acryl), Kohlestift, oder Farbe Thema Abh\u00e4ngig, deckt ab den psychischen Besitz der geistigen Kraft, der Reinigung was man &hellip; <a class=\"kt-excerpt-readmore\" href=\"https:\/\/natercia.de\/de\/ueber-mich\/\" aria-label=\"\u00fcber mich\">Weiterlesen<\/a><\/p>\n","protected":false},"author":1,"featured_media":1375,"parent":0,"menu_order":0,"comment_status":"closed","ping_status":"closed","template":"","meta":{"footnotes":""},"_links":{"self":[{"href":"https:\/\/natercia.de\/de\/wp-json\/wp\/v2\/pages\/1709"}],"collection":[{"href":"https:\/\/natercia.de\/de\/wp-json\/wp\/v2\/pages"}],"about":[{"href":"https:\/\/natercia.de\/de\/wp-json\/wp\/v2\/types\/page"}],"author":[{"embeddable":true,"href":"https:\/\/natercia.de\/de\/wp-json\/wp\/v2\/users\/1"}],"replies":[{"embeddable":true,"href":"https:\/\/natercia.de\/de\/wp-json\/wp\/v2\/comments?post=1709"}],"version-history":[{"count":24,"href":"https:\/\/natercia.de\/de\/wp-json\/wp\/v2\/pages\/1709\/revisions"}],"predecessor-version":[{"id":1983,"href":"https:\/\/natercia.de\/de\/wp-json\/wp\/v2\/pages\/1709\/revisions\/1983"}],"wp:featuredmedia":[{"embeddable":true,"href":"https:\/\/natercia.de\/de\/wp-json\/wp\/v2\/media\/1375"}],"wp:attachment":[{"href":"https:\/\/natercia.de\/de\/wp-json\/wp\/v2\/media?parent=1709"}],"curies":[{"name":"wp","href":"https:\/\/api.w.org\/{rel}","templated":true}]}}